{"id":1046,"date":"2024-01-09T03:48:15","date_gmt":"2024-01-09T02:48:15","guid":{"rendered":"https:\/\/www.vasucetni.cz\/?page_id=1046"},"modified":"2024-01-18T21:19:22","modified_gmt":"2024-01-18T20:19:22","slug":"clanky-nove","status":"publish","type":"page","link":"https:\/\/www.vasucetni.cz\/?page_id=1046","title":{"rendered":"\u010cl\u00e1nky"},"content":{"rendered":"\n<div\n\tclass=\"betterdocs-category-box-wrapper betterdocs-shortcode\">\n\t<div\n\t\tclass=\"betterdocs-category-box-inner-wrapper layout-1 layout-flex ash-bg docs-col-3 single-kb\" style=\"--column: 3;\">\n\t\t\n<a\n\thref=\"https:\/\/www.vasucetni.cz\/?doc_category=novinky\" data-id=\"9\" class=\"betterdocs-single-category-wrapper category-box default\">\n\t<div class=\"betterdocs-single-category-inner\">\n\t\t\n<div class=\"betterdocs-category-header\">\n\t<div class=\"betterdocs-category-header-inner\">\n\t\t\n<div class=\"betterdocs-category-icon\">\n\t<img decoding=\"async\" alt=\"betterdocs-category-icon\" class=\"betterdocs-category-icon-img\" src=\"https:\/\/www.vasucetni.cz\/wp-content\/plugins\/betterdocs\/assets\/admin\/images\/betterdocs-cat-icon.svg?v=4.3.12\" \/><\/div>\n<h2 class=\"betterdocs-category-title\">Legislativn\u00ed novinky<\/h2>\n<div data-count=\"16\" class=\"betterdocs-category-items-counts\">\n\t<span>\n\t\t 16 p\u0159\u00edsp\u011bvk\u016f\t<\/span>\n<\/div>\n\t<\/div>\n<\/div>\n\t<\/div>\n<\/a>\n\n<a\n\thref=\"https:\/\/www.vasucetni.cz\/?doc_category=software\" data-id=\"11\" class=\"betterdocs-single-category-wrapper category-box default\">\n\t<div class=\"betterdocs-single-category-inner\">\n\t\t\n<div class=\"betterdocs-category-header\">\n\t<div class=\"betterdocs-category-header-inner\">\n\t\t\n<div class=\"betterdocs-category-icon\">\n\t<img decoding=\"async\" alt=\"betterdocs-category-icon\" class=\"betterdocs-category-icon-img\" src=\"https:\/\/www.vasucetni.cz\/wp-content\/plugins\/betterdocs\/assets\/admin\/images\/betterdocs-cat-icon.svg?v=4.3.12\" \/><\/div>\n<h2 class=\"betterdocs-category-title\">\u010cl\u00e1nky k software<\/h2>\n<div data-count=\"2\" class=\"betterdocs-category-items-counts\">\n\t<span>\n\t\t 2 p\u0159\u00edsp\u011bvk\u016f\t<\/span>\n<\/div>\n\t<\/div>\n<\/div>\n\t<\/div>\n<\/a>\n\n<a\n\thref=\"https:\/\/www.vasucetni.cz\/?doc_category=odkazy\" data-id=\"19\" class=\"betterdocs-single-category-wrapper category-box default\">\n\t<div class=\"betterdocs-single-category-inner\">\n\t\t\n<div class=\"betterdocs-category-header\">\n\t<div class=\"betterdocs-category-header-inner\">\n\t\t\n<div class=\"betterdocs-category-icon\">\n\t<img decoding=\"async\" alt=\"betterdocs-category-icon\" class=\"betterdocs-category-icon-img\" src=\"https:\/\/www.vasucetni.cz\/wp-content\/plugins\/betterdocs\/assets\/admin\/images\/betterdocs-cat-icon.svg?v=4.3.12\" \/><\/div>\n<h2 class=\"betterdocs-category-title\">Odkazy<\/h2>\n<div data-count=\"1\" class=\"betterdocs-category-items-counts\">\n\t<span>\n\t\t 1 p\u0159\u00edsp\u011bvek\t<\/span>\n<\/div>\n\t<\/div>\n<\/div>\n\t<\/div>\n<\/a>\n\t<\/div>\n\t\t<div class=\"clearfix\"><\/div>\n\t<\/div>\n\n\n\n\n<p><\/p>\n\n\n\n<div style=\"height:59px\" aria-hidden=\"true\" class=\"wp-block-spacer\"><\/div>\n\n\n<div\n\tclass=\"betterdocs-faq-wrapper layout-modern icon-after  betterdocs-shortcode\">\n\t<h2 class=\" betterdocs-faq-section-title\">Frequently Asked Questions<\/h2>\n\t<div class=\"betterdocs-faq-inner-wrapper\">\n\t\t\t<\/div>\n<\/div>\n\n\n\n\n<p><\/p>\n","protected":false},"excerpt":{"rendered":"","protected":false},"author":3,"featured_media":0,"parent":0,"menu_order":0,"comment_status":"closed","ping_status":"closed","template":"","meta":{"_uag_custom_page_level_css":"","_view_id":"","site-sidebar-layout":"default","site-content-layout":"","ast-site-content-layout":"default","site-content-style":"default","site-sidebar-style":"default","ast-global-header-display":"","ast-banner-title-visibility":"","ast-main-header-display":"","ast-hfb-above-header-display":"","ast-hfb-below-header-display":"","ast-hfb-mobile-header-display":"","site-post-title":"","ast-breadcrumbs-content":"","ast-featured-img":"","footer-sml-layout":"","theme-transparent-header-meta":"","adv-header-id-meta":"","stick-header-meta":"","header-above-stick-meta":"","header-main-stick-meta":"","header-below-stick-meta":"","astra-migrate-meta-layouts":"set","ast-page-background-enabled":"default","ast-page-background-meta":{"desktop":{"background-color":"var(--ast-global-color-4)","background-image":"","background-repeat":"repeat","background-position":"center center","background-size":"auto","background-attachment":"scroll","background-type":"","background-media":"","overlay-type":"","overlay-color":"","overlay-gradient":""},"tablet":{"background-color":"","background-image":"","background-repeat":"repeat","background-position":"center center","background-size":"auto","background-attachment":"scroll","background-type":"","background-media":"","overlay-type":"","overlay-color":"","overlay-gradient":""},"mobile":{"background-color":"","background-image":"","background-repeat":"repeat","background-position":"center center","background-size":"auto","background-attachment":"scroll","background-type":"","background-media":"","overlay-type":"","overlay-color":"","overlay-gradient":""}},"ast-content-background-meta":{"desktop":{"background-color":"var(--ast-global-color-5)","background-image":"","background-repeat":"repeat","background-position":"center center","background-size":"auto","background-attachment":"scroll","background-type":"","background-media":"","overlay-type":"","overlay-color":"","overlay-gradient":""},"tablet":{"background-color":"var(--ast-global-color-5)","background-image":"","background-repeat":"repeat","background-position":"center center","background-size":"auto","background-attachment":"scroll","background-type":"","background-media":"","overlay-type":"","overlay-color":"","overlay-gradient":""},"mobile":{"background-color":"var(--ast-global-color-5)","background-image":"","background-repeat":"repeat","background-position":"center center","background-size":"auto","background-attachment":"scroll","background-type":"","background-media":"","overlay-type":"","overlay-color":"","overlay-gradient":""}},"footnotes":""},"class_list":["post-1046","page","type-page","status-publish","hentry"],"uagb_featured_image_src":{"full":false,"thumbnail":false,"medium":false,"medium_large":false,"large":false,"1536x1536":false,"2048x2048":false},"uagb_author_info":{"display_name":"Kamil Kr\u00e1sensk\u00fd","author_link":"https:\/\/www.vasucetni.cz\/?author=3"},"uagb_comment_info":0,"uagb_excerpt":null,"_links":{"self":[{"href":"https:\/\/www.vasucetni.cz\/index.php?rest_route=\/wp\/v2\/pages\/1046","targetHints":{"allow":["GET"]}}],"collection":[{"href":"https:\/\/www.vasucetni.cz\/index.php?rest_route=\/wp\/v2\/pages"}],"about":[{"href":"https:\/\/www.vasucetni.cz\/index.php?rest_route=\/wp\/v2\/types\/page"}],"author":[{"embeddable":true,"href":"https:\/\/www.vasucetni.cz\/index.php?rest_route=\/wp\/v2\/users\/3"}],"replies":[{"embeddable":true,"href":"https:\/\/www.vasucetni.cz\/index.php?rest_route=%2Fwp%2Fv2%2Fcomments&post=1046"}],"version-history":[{"count":0,"href":"https:\/\/www.vasucetni.cz\/index.php?rest_route=\/wp\/v2\/pages\/1046\/revisions"}],"wp:attachment":[{"href":"https:\/\/www.vasucetni.cz\/index.php?rest_route=%2Fwp%2Fv2%2Fmedia&parent=1046"}],"curies":[{"name":"wp","href":"https:\/\/api.w.org\/{rel}","templated":true}]}}